{"id":49,"date":"2016-01-25T11:29:50","date_gmt":"2016-01-25T11:29:50","guid":{"rendered":"http:\/\/wp.feldmann-physio.de\/?page_id=49"},"modified":"2016-06-28T10:09:58","modified_gmt":"2016-06-28T08:09:58","slug":"osteopathie","status":"publish","type":"page","link":"https:\/\/www.feldmann-physio.de\/?page_id=49","title":{"rendered":"Osteopathie"},"content":{"rendered":"<p>Die Osteopathie ist nicht nur eine Art der Behandlungsform. Noch wird gestritten, ob sie jemals zu einem eigenen Beruf erkl\u00e4rt werden kann. Ich w\u00fcrde es mir w\u00fcnschen. Seit meiner ersten Begegnung mit ihr, h\u00e4lt meine Begeisterung f\u00fcr sie an. 1998 belegte ich den ersten Kurs, als sie noch nicht in aller Munde war. Mittlerweile ist sie regelrecht \u201ein\u201c\u00a0 und etliche Schulen wurden er\u00f6ffnet. Ich durfte in der Zwischenzeit erfahren, dass die Osteopathie auch eine Philosophie ist, vielleicht eine Kunst und eine Art, die Welt zu <em>be<\/em>-greifen, achten, respektieren, bestaunen. Der K\u00f6rper spricht mit uns, und es ist wunderbar, auf ihn h\u00f6ren zu lernen. Wenn Sie auf der Suche nach einem Osteopathen sind, fragen Sie nach, ob eine Ausbildung mit abgeschlossener Pr\u00fcfung gemacht wurde, oder nur einige Kurse besucht wurden. Noch ist dies nicht gesetzlich geregelt, somit nicht gesch\u00fctzt. 2015 wurde allerdings juristisch entschieden, dass nur \u00c4rzte und Heilpraktiker die Osteopathie aus\u00fcben d\u00fcrfen, Physiotherapeuten leider nicht mehr , auch wenn es von den Kassen im Moment noch toleriert wird.<\/p>\n","protected":false},"excerpt":{"rendered":"<p>Die Osteopathie ist nicht nur eine Art der Behandlungsform. Noch wird gestritten, ob sie jemals zu einem eigenen Beruf erkl\u00e4rt<\/p>\n","protected":false},"author":1,"featured_media":0,"parent":0,"menu_order":0,"comment_status":"closed","ping_status":"closed","template":"","meta":{"colormag_page_container_layout":"default_layout","colormag_page_sidebar_layout":"default_layout"},"_links":{"self":[{"href":"https:\/\/www.feldmann-physio.de\/index.php?rest_route=\/wp\/v2\/pages\/49"}],"collection":[{"href":"https:\/\/www.feldmann-physio.de\/index.php?rest_route=\/wp\/v2\/pages"}],"about":[{"href":"https:\/\/www.feldmann-physio.de\/index.php?rest_route=\/wp\/v2\/types\/page"}],"author":[{"embeddable":true,"href":"https:\/\/www.feldmann-physio.de\/index.php?rest_route=\/wp\/v2\/users\/1"}],"replies":[{"embeddable":true,"href":"https:\/\/www.feldmann-physio.de\/index.php?rest_route=%2Fwp%2Fv2%2Fcomments&post=49"}],"version-history":[{"count":5,"href":"https:\/\/www.feldmann-physio.de\/index.php?rest_route=\/wp\/v2\/pages\/49\/revisions"}],"predecessor-version":[{"id":196,"href":"https:\/\/www.feldmann-physio.de\/index.php?rest_route=\/wp\/v2\/pages\/49\/revisions\/196"}],"wp:attachment":[{"href":"https:\/\/www.feldmann-physio.de\/index.php?rest_route=%2Fwp%2Fv2%2Fmedia&parent=49"}],"curies":[{"name":"wp","href":"https:\/\/api.w.org\/{rel}","templated":true}]}}