{"id":47,"date":"2016-01-25T11:29:36","date_gmt":"2016-01-25T11:29:36","guid":{"rendered":"http:\/\/wp.feldmann-physio.de\/?page_id=47"},"modified":"2016-06-28T10:09:06","modified_gmt":"2016-06-28T08:09:06","slug":"physiotherapie","status":"publish","type":"page","link":"https:\/\/www.feldmann-physio.de\/?page_id=47","title":{"rendered":"Physiotherapie"},"content":{"rendered":"<p>\u201eDie Physiotherapie ist der sch\u00f6nste Beruf, den man sich w\u00fcnschen kann\u201c, schw\u00e4rmte unsere Rektorin Frau B. an der Schule f\u00fcr Physiotherapie in T\u00fcbingen, als sie uns Sch\u00fcler und Sch\u00fclerinnen alle zu ihrem 60.Geburtstag einlud. Das war 1993\/94.<\/p>\n<p>Die Ausbildung dauert 3 Jahre und erfolgt meist an kostenpflichtigen Privatschulen, heute fast unvorstellbar, dass man f\u00fcr die Ausbildung bezahlen muss, obwohl man schon flei\u00dfig in Krankenh\u00e4usern und Praxen mitarbeitet. Nach dem staatlich anerkannten Examen kann man sich mittlerweile gleich selbstst\u00e4ndig machen (das war fr\u00fcher ohne Berufserfahrung nicht m\u00f6glich) oder in einer Praxis und\/oder einer Klinik arbeiten. F\u00fcr Leistungen wie zum Beispiel Manuelle Therapie, Manuelle Lymphdrainage oder Bobath-Therapie muss jeweils eine Fortbildung besucht werden. Je nachdem dauert diese von wenigen Wochen bis mehreren Monaten manchmal auch 1-2 Jahre. Auch diese werden stets mit einer Pr\u00fcfung abgeschlossen.<\/p>\n<p>Alles in allem geben am Ende die Krankenkassen vor, wieviel und was genau verschrieben werden darf. Der Arzt hat genaue Vorgaben, was m\u00f6glich ist und was nicht, entscheidet aber in jedem Einzelfall welche und wieviel Therapie er f\u00fcr sinnvoll erachtet.<\/p>\n<p>Trotz aller Lernerei, Gesundheitsreformen und Einsparungen, am Ende hat sie Recht behalten: Die Physiotherapie ist klasse!!!<\/p>\n","protected":false},"excerpt":{"rendered":"<p>\u201eDie Physiotherapie ist der sch\u00f6nste Beruf, den man sich w\u00fcnschen kann\u201c, schw\u00e4rmte unsere Rektorin Frau B. an der Schule f\u00fcr<\/p>\n","protected":false},"author":1,"featured_media":0,"parent":0,"menu_order":0,"comment_status":"closed","ping_status":"closed","template":"","meta":{"colormag_page_container_layout":"default_layout","colormag_page_sidebar_layout":"default_layout"},"_links":{"self":[{"href":"https:\/\/www.feldmann-physio.de\/index.php?rest_route=\/wp\/v2\/pages\/47"}],"collection":[{"href":"https:\/\/www.feldmann-physio.de\/index.php?rest_route=\/wp\/v2\/pages"}],"about":[{"href":"https:\/\/www.feldmann-physio.de\/index.php?rest_route=\/wp\/v2\/types\/page"}],"author":[{"embeddable":true,"href":"https:\/\/www.feldmann-physio.de\/index.php?rest_route=\/wp\/v2\/users\/1"}],"replies":[{"embeddable":true,"href":"https:\/\/www.feldmann-physio.de\/index.php?rest_route=%2Fwp%2Fv2%2Fcomments&post=47"}],"version-history":[{"count":5,"href":"https:\/\/www.feldmann-physio.de\/index.php?rest_route=\/wp\/v2\/pages\/47\/revisions"}],"predecessor-version":[{"id":195,"href":"https:\/\/www.feldmann-physio.de\/index.php?rest_route=\/wp\/v2\/pages\/47\/revisions\/195"}],"wp:attachment":[{"href":"https:\/\/www.feldmann-physio.de\/index.php?rest_route=%2Fwp%2Fv2%2Fmedia&parent=47"}],"curies":[{"name":"wp","href":"https:\/\/api.w.org\/{rel}","templated":true}]}}