{"id":34,"date":"2016-01-25T11:10:00","date_gmt":"2016-01-25T11:10:00","guid":{"rendered":"http:\/\/wp.feldmann-physio.de\/?page_id=34"},"modified":"2017-11-23T16:24:07","modified_gmt":"2017-11-23T15:24:07","slug":"kontaktanfahrtimpressum","status":"publish","type":"page","link":"https:\/\/www.feldmann-physio.de\/?page_id=34","title":{"rendered":"Kontakt\/Impressum"},"content":{"rendered":"<p>Inhaltlich verantwortlich gem\u00e4\u00df \u00a7 6 MDStV<\/p>\n<p>Claudia Feldmann<br \/>\nPhysiotherapeutin, Osteopathin, Heilpraktikerin<br \/>\nPraxis f\u00fcr Physiotherapie und Osteopathie<br \/>\nPaul-B\u00f6hringer Stra\u00dfe 12<br \/>\n74229 Oedheim<\/p>\n<p>Telefon 07136\/966199<br \/>\n<a href=\"mailto:info@feldmann-physio.de\">info@feldmann-physio.de<\/a><br \/>\n<a href=\"http:\/\/www.feldmann-physio.de\">www.feldmann-physio.de<\/a><\/p>\n<p>Texte: Claudia Feldmann<br \/>\nLayout: Markus Berroth<br \/>\nFotos: Frauke Baumert<br \/>\nFoto von Oedheim: Ralph Walter<\/p>\n<p>Haftungshinweis<\/p>\n<p>Im Rahmen unseres Dienstes werden auch Links zu Internetinhalten anderer Anbieter bereitgestellt. Auf den Inhalt dieser Seiten haben wir keinen Einfluss; f\u00fcr den Inhalt ist ausschlie\u00dflich der Betreiber der anderen Website verantwortlich. Trotz der \u00dcberpr\u00fcfung der Inhalte im gesetzlich gebotenen Rahmen m\u00fcssen wir daher jede Verantwortung f\u00fcr den Inhalt dieser Links bzw. der verlinkten Seite ablehnen.<\/p>\n","protected":false},"excerpt":{"rendered":"<p>Inhaltlich verantwortlich gem\u00e4\u00df \u00a7 6 MDStV Claudia Feldmann Physiotherapeutin, Osteopathin, Heilpraktikerin Praxis f\u00fcr Physiotherapie und Osteopathie Paul-B\u00f6hringer Stra\u00dfe 12 74229<\/p>\n","protected":false},"author":1,"featured_media":0,"parent":0,"menu_order":0,"comment_status":"closed","ping_status":"closed","template":"","meta":{"colormag_page_container_layout":"default_layout","colormag_page_sidebar_layout":"default_layout"},"_links":{"self":[{"href":"https:\/\/www.feldmann-physio.de\/index.php?rest_route=\/wp\/v2\/pages\/34"}],"collection":[{"href":"https:\/\/www.feldmann-physio.de\/index.php?rest_route=\/wp\/v2\/pages"}],"about":[{"href":"https:\/\/www.feldmann-physio.de\/index.php?rest_route=\/wp\/v2\/types\/page"}],"author":[{"embeddable":true,"href":"https:\/\/www.feldmann-physio.de\/index.php?rest_route=\/wp\/v2\/users\/1"}],"replies":[{"embeddable":true,"href":"https:\/\/www.feldmann-physio.de\/index.php?rest_route=%2Fwp%2Fv2%2Fcomments&post=34"}],"version-history":[{"count":10,"href":"https:\/\/www.feldmann-physio.de\/index.php?rest_route=\/wp\/v2\/pages\/34\/revisions"}],"predecessor-version":[{"id":304,"href":"https:\/\/www.feldmann-physio.de\/index.php?rest_route=\/wp\/v2\/pages\/34\/revisions\/304"}],"wp:attachment":[{"href":"https:\/\/www.feldmann-physio.de\/index.php?rest_route=%2Fwp%2Fv2%2Fmedia&parent=34"}],"curies":[{"name":"wp","href":"https:\/\/api.w.org\/{rel}","templated":true}]}}