{"id":21,"date":"2016-01-25T10:34:05","date_gmt":"2016-01-25T10:34:05","guid":{"rendered":"http:\/\/wp.feldmann-physio.de\/?page_id=21"},"modified":"2017-11-25T15:49:12","modified_gmt":"2017-11-25T14:49:12","slug":"konzept","status":"publish","type":"page","link":"https:\/\/www.feldmann-physio.de\/?page_id=21","title":{"rendered":"Konzept"},"content":{"rendered":"<p class=\"alignnone\"><img loading=\"lazy\" class=\"alignright wp-image-179\" src=\"https:\/\/feldmann-physio.de\/wp-content\/uploads\/2017\/11\/45_Feldmann_300x450.jpg\" alt=\"Konzept_1\" width=\"220\" height=\"400\" \/>Sehr geehrte Patienten\/-innen !<\/p>\n<p>Unser Ziel ist es, unsere Patienten sinnvoll und effektiv zu behandeln. Die entscheidende Frage lautet stets: Wo liegt die Ursache der aktuellen Beschwerden? Welches System muss behandelt werden? Liegt es zum Beispiel im Gelenksystem? Im Muskelsystem? Im Craniosacralen System? Sind es die Faszien? Oder ist das Organsystem betroffen? Wussten Sie, dass Schulterschmerzen mit der Leber zusammenh\u00e4ngen k\u00f6nnen oder ein gest\u00f6rter D\u00fcnndarm zu R\u00fcckenschmerzen f\u00fchren kann?<\/p>\n<p>Mein Fachgebiet ist hierf\u00fcr die <strong>Osteopathie<\/strong>, erg\u00e4nzt durch die Ausbildung zum <strong>Heilpraktike<\/strong>r. Eine wundervolle Therapie, Philosophie und Weltanschauung, eine \u00dcberzeugung, eine Kunst und meine pers\u00f6nliche Leidenschaft.<\/p>\n<p>Unser motiviertes und engagiertes Physiotherapeutenteam bilden sich regelm\u00e4\u00dfig fort, um im medizinischen und therapeutischen Bereich immer auf dem neuesten Stand zu sein. Durch unser breit gef\u00e4chertes Angebot haben wir die M\u00f6glichkeit auf alle K\u00f6rpersysteme einzuwirken, sei es \u00fcber die klassische <strong>Krankengymnastik<\/strong>, bei der Sie zusammen mit Ihrem Therapeuten ein entsprechendes alltagsrelevantes \u00dcbungsprogramm erarbeiten. Mittels der <strong>Manuellen Therapie<\/strong> k\u00f6nnen Gelenk- und Muskel- und Fasziensysteme behandelt werden. Die <strong>Bobaththerapie<\/strong> wird bei neurologischen Patienten eingesetzt, beispielsweise nach einem Schlaganfall. Ihr Lymphsystem wird mit Hilfe der <strong>Manuellen Lymphdrainage<\/strong> unterst\u00fctzt. <strong>Massage<\/strong> befreit das Muskelsystem von Verh\u00e4rtungen und l\u00e4stigen Verspannungen. Unterst\u00fctzend setzen wir je nach Anforderungen zus\u00e4tzlich den <strong>Schlingentisch<\/strong> ein, <strong>Elektrotherapie<\/strong>, <strong>Ultraschall<\/strong>, <strong>W\u00e4rme<\/strong> und <strong>K\u00e4lte<\/strong> in verschiedenen Formen, aber auch <strong>Schr\u00f6pfk\u00f6pfe<\/strong> oder <strong>Tapes<\/strong> und verschiedenste Ger\u00e4tschaften. Wann standen Sie zum letzten Mal auf einem Trampolin?<\/p>\n<p>Wichtig ist uns auch, dass\u00a0 Sie in Ihrer Behandlung bei uns lernen, Ihren K\u00f6rper einzusch\u00e4tzen und zu verstehen:\u00a0 was will er Ihnen mitteilen, warum reagiert er auf diese Weise und nicht anders?! Haben Sie jemals dar\u00fcber nachgedacht, dass Ihre Symptome der Ausdruck Ihrer Gesundheit und nicht Ihrer Krankheit sind?<\/p>\n<p>Neben den \u00fcblichen Kassenleistungen bieten wir auch weitere unterst\u00fctzende\u00a0 Therapien an, so zum Beispiel <strong>\u00a0Fu\u00dfreflexzonentherapie<\/strong>, <strong>Dorn-Breu\u00df-Wirbels\u00e4ulenbehandlungen<\/strong> und <strong>Schr\u00f6pfkopfmassagen<\/strong>.<\/p>\n<p>Auf\u00a0 unsere kleinen Patienten freut sich unsere Kindertherapeutin, die sich im Fachbereich P\u00e4diatrie regelm\u00e4\u00dfig weiterbildet und auch im Geriatrischen Bereich k\u00f6nnen wir mit Kursen f\u00fcr Sturzpr\u00e4vention, Hausbesuchen und Betreuung in Seniorenpflegeheimen gerne weiterhelfen.<\/p>\n<p>\u201eWege entstehen dadurch, dass man sie geht\u201c, schrieb einst F.Kafka. Vielleicht f\u00fchrt Ihr Weg zu uns. Wir freuen uns auf Sie!<\/p>\n<p>Claudia Feldmann<\/p>\n","protected":false},"excerpt":{"rendered":"<p>Sehr geehrte Patienten\/-innen ! Unser Ziel ist es, unsere Patienten sinnvoll und effektiv zu behandeln. Die entscheidende Frage lautet stets:<\/p>\n","protected":false},"author":1,"featured_media":0,"parent":0,"menu_order":0,"comment_status":"closed","ping_status":"closed","template":"","meta":{"colormag_page_container_layout":"default_layout","colormag_page_sidebar_layout":"default_layout"},"_links":{"self":[{"href":"https:\/\/www.feldmann-physio.de\/index.php?rest_route=\/wp\/v2\/pages\/21"}],"collection":[{"href":"https:\/\/www.feldmann-physio.de\/index.php?rest_route=\/wp\/v2\/pages"}],"about":[{"href":"https:\/\/www.feldmann-physio.de\/index.php?rest_route=\/wp\/v2\/types\/page"}],"author":[{"embeddable":true,"href":"https:\/\/www.feldmann-physio.de\/index.php?rest_route=\/wp\/v2\/users\/1"}],"replies":[{"embeddable":true,"href":"https:\/\/www.feldmann-physio.de\/index.php?rest_route=%2Fwp%2Fv2%2Fcomments&post=21"}],"version-history":[{"count":11,"href":"https:\/\/www.feldmann-physio.de\/index.php?rest_route=\/wp\/v2\/pages\/21\/revisions"}],"predecessor-version":[{"id":326,"href":"https:\/\/www.feldmann-physio.de\/index.php?rest_route=\/wp\/v2\/pages\/21\/revisions\/326"}],"wp:attachment":[{"href":"https:\/\/www.feldmann-physio.de\/index.php?rest_route=%2Fwp%2Fv2%2Fmedia&parent=21"}],"curies":[{"name":"wp","href":"https:\/\/api.w.org\/{rel}","templated":true}]}}