{"id":2,"date":"2016-01-11T05:45:50","date_gmt":"2016-01-11T05:45:50","guid":{"rendered":"http:\/\/wp.feldmann-physio.de\/?page_id=2"},"modified":"2016-07-01T09:29:48","modified_gmt":"2016-07-01T07:29:48","slug":"sample-page","status":"publish","type":"page","link":"https:\/\/www.feldmann-physio.de\/","title":{"rendered":"Herzlich Willkommen"},"content":{"rendered":"<p><span class=\"rsCopyTextCode\"><div id=\"supsystic-slider-wrapper-1_46405\" class=\"supsystic-slider-wrapper\"> <div class=\"slider-sharing-top\"><\/div> <div id=\"supsystic-slider-1_46405\" class=\"supsystic-slider supsystic-slider-bx\" data-type=\"bx\" data-settings=\"{&quot;general&quot;:{&quot;mode&quot;:&quot;fade&quot;,&quot;moveSlides&quot;:&quot;0&quot;,&quot;auto&quot;:&quot;enable&quot;,&quot;slideshowControls&quot;:&quot;disable&quot;,&quot;navigation&quot;:&quot;0&quot;,&quot;rows&quot;:&quot;0&quot;,&quot;captions&quot;:&quot;true&quot;,&quot;captionsByMouseover&quot;:&quot;true&quot;,&quot;speed&quot;:&quot;400&quot;},&quot;touch&quot;:{&quot;touchEnabled&quot;:&quot;true&quot;,&quot;oneToOne&quot;:&quot;true&quot;,&quot;swipeThreshold&quot;:&quot;55&quot;},&quot;pager&quot;:{&quot;pagerEnabled&quot;:&quot;true&quot;,&quot;pagerType&quot;:&quot;full&quot;},&quot;properties&quot;:{&quot;width&quot;:&quot;790&quot;,&quot;widthType&quot;:&quot;px&quot;,&quot;height&quot;:&quot;550&quot;,&quot;videoAutoplay&quot;:&quot;false&quot;,&quot;position&quot;:&quot;center&quot;},&quot;caption&quot;:{&quot;color&quot;:&quot;#000000&quot;,&quot;font-size&quot;:&quot;14&quot;,&quot;text-align&quot;:&quot;center&quot;,&quot;font-family&quot;:&quot;Open Sans&quot;,&quot;font-type&quot;:&quot;standard&quot;,&quot;background-color-hex&quot;:&quot;#ffffff&quot;,&quot;background-color&quot;:&quot;rgba(255, 255, 255, 0.5)&quot;,&quot;background-opacity&quot;:&quot;0.5&quot;,&quot;inTop&quot;:&quot;false&quot;},&quot;socialSharing&quot;:{&quot;status&quot;:&quot;disable&quot;,&quot;pluginInstalled&quot;:false,&quot;projectsList&quot;:[],&quot;html&quot;:&quot;&quot;},&quot;__veditor__&quot;:{&quot;.bx-caption&quot;:{&quot;color&quot;:&quot;#000000&quot;,&quot;font-size&quot;:&quot;14px&quot;,&quot;text-align&quot;:&quot;center&quot;,&quot;font-family&quot;:&quot;Open Sans&quot;,&quot;background-color&quot;:&quot;rgba(255, 255, 255, 0.5)&quot;,&quot;font-type&quot;:&quot;standard&quot;}}}\" data-thumbs=\"thumbnails-1\" style=\"visibility: hidden; direction: ltr;overflow-x: hidden;\"> <ul style=\"visibility: hidden; margin: 0 !important;\"> <li class=\"slide\" data-id=\"1\"> <img src=\"https:\/\/www.feldmann-physio.de\/wp\/..\/wp-content\/uploads\/2016\/06\/06-001-3-Kopie-Kopie_BEA_02-790x550.jpg\" alt=\"\" title=\"Oedheim\" data-title=\"Oedheim\"\/> <\/li> <li class=\"slide\" data-id=\"2\"> <img src=\"https:\/\/www.feldmann-physio.de\/wp\/..\/wp-content\/uploads\/2016\/01\/Fotolia_1-790x550.jpg\" alt=\"\" title=\"Individuelle Behandlung\" data-title=\"Individuelle Behandlung\"\/> <\/li> <li class=\"slide\" data-id=\"3\"> <img src=\"https:\/\/www.feldmann-physio.de\/wp\/..\/wp-content\/uploads\/2016\/06\/4_677px_02-790x550.jpg\" alt=\"\" title=\"Moderne Behandlungszimmer\" data-title=\"Moderne Behandlungszimmer\"\/> <\/li> <li class=\"slide\" data-id=\"4\"> <img src=\"https:\/\/www.feldmann-physio.de\/wp\/..\/wp-content\/uploads\/2016\/06\/9_677px_02-790x550.jpg\" alt=\"\" title=\"Der Wartebereich\" data-title=\"Der Wartebereich\"\/> <\/li> <li class=\"slide\" data-id=\"5\"> <img src=\"https:\/\/www.feldmann-physio.de\/wp\/..\/wp-content\/uploads\/2017\/11\/7-790x550.jpg\" alt=\"\" title=\"Moderne Behandlungszimmer\" data-title=\"Moderne Behandlungszimmer\"\/> <\/li> <li class=\"slide\" data-id=\"6\"> <img src=\"https:\/\/www.feldmann-physio.de\/wp\/..\/wp-content\/uploads\/2016\/06\/38_Eingang_Schild-790x550.jpg\" alt=\"\" title=\"Der Eingang zur Praxis\" data-title=\"Der Eingang zur Praxis\"\/> <\/li> <\/ul> <\/div> <ul class=\"thumbnails-1 thumbs\" style=\"visibility: hidden; margin: 0 !important;\"> <li> <img data-index=\"0\" src=\"https:\/\/www.feldmann-physio.de\/wp\/..\/wp-content\/uploads\/2016\/06\/06-001-3-Kopie-Kopie_BEA_02-197x183.jpg\" alt=\"06-001 (3) - Kopie - Kopie_Bea_02\" title=\"Oedheim\" data-title=\"Oedheim\" style=\"\" \/> <\/li> <li> <img data-index=\"1\" src=\"https:\/\/www.feldmann-physio.de\/wp\/..\/wp-content\/uploads\/2016\/01\/Fotolia_1-197x183.jpg\" alt=\"Fotolia_1\" title=\"Individuelle Behandlung\" data-title=\"Individuelle Behandlung\" style=\"\" \/> <\/li> <li> <img data-index=\"2\" src=\"https:\/\/www.feldmann-physio.de\/wp\/..\/wp-content\/uploads\/2016\/06\/4_677px_02-197x183.jpg\" alt=\"4_677Px_02\" title=\"Moderne Behandlungszimmer\" data-title=\"Moderne Behandlungszimmer\" style=\"\" \/> <\/li> <li> <img data-index=\"3\" src=\"https:\/\/www.feldmann-physio.de\/wp\/..\/wp-content\/uploads\/2016\/06\/9_677px_02-197x183.jpg\" alt=\"9_677Px_02\" title=\"Der Wartebereich\" data-title=\"Der Wartebereich\" style=\"\" \/> <\/li> <li> <img data-index=\"4\" src=\"https:\/\/www.feldmann-physio.de\/wp\/..\/wp-content\/uploads\/2017\/11\/7-197x183.jpg\" alt=\"7\" title=\"Moderne Behandlungszimmer\" data-title=\"Moderne Behandlungszimmer\" style=\"\" \/> <\/li> <li> <img data-index=\"5\" src=\"https:\/\/www.feldmann-physio.de\/wp\/..\/wp-content\/uploads\/2016\/06\/38_Eingang_Schild-197x183.jpg\" alt=\"38_Eingang_Schild\" title=\"Der Eingang zur Praxis\" data-title=\"Der Eingang zur Praxis\" style=\"\" \/> <\/li> <\/ul> <div class=\"slider-sharing-bottom\"><\/div> <\/div><\/span><\/p>\n<p><b><i>Hier sind Sie in guten H\u00e4nden.<\/i><\/b><\/p>\n<p>Sch\u00f6n, dass Sie sich f\u00fcr unsere Praxis f\u00fcr Physiotherapie &amp; Osteopathie interessieren. Die Praxis besteht seit 2001. Finden k\u00f6nnen Sie uns im Oedheimer Gewerbegebiet. Die Zufahrt ist einfach. Direkt vor dem Haus finden Sie Parkpl\u00e4tze. Der Eingang ist behindertengerecht und ebenerdig. Unsere R\u00e4umlichkeiten sind hell, freundlich und modern eingerichtet.<\/p>\n<p>Wir sind<strong> Mitglied im ZVK (Zentralverband f\u00fcr Physiotherapie in Deutschland) <\/strong>sowie im<strong> VOD (Verband der Osteopathen in Deutschland).<\/strong><\/p>\n<p>Wir bieten Ihnen ein weitgef\u00e4chertes Behandlungsangebot. Durch den regelm\u00e4\u00dfigen Besuch von Fortbildungen halten wir uns fachlich auf dem neuesten Stand.<\/p>\n<p>\u201eBehandlung mit Wissen, Herz und Verstand\u201c ist unser Motto. Wenden Sie sich gerne an uns.<\/p>\n<p>&nbsp;<\/p>\n<p>&nbsp;<\/p>\n","protected":false},"excerpt":{"rendered":"<p>Hier sind Sie in guten H\u00e4nden. Sch\u00f6n, dass Sie sich f\u00fcr unsere Praxis f\u00fcr Physiotherapie &amp; Osteopathie interessieren. Die Praxis<\/p>\n","protected":false},"author":1,"featured_media":0,"parent":0,"menu_order":0,"comment_status":"closed","ping_status":"open","template":"","meta":{"colormag_page_container_layout":"default_layout","colormag_page_sidebar_layout":"default_layout"},"_links":{"self":[{"href":"https:\/\/www.feldmann-physio.de\/index.php?rest_route=\/wp\/v2\/pages\/2"}],"collection":[{"href":"https:\/\/www.feldmann-physio.de\/index.php?rest_route=\/wp\/v2\/pages"}],"about":[{"href":"https:\/\/www.feldmann-physio.de\/index.php?rest_route=\/wp\/v2\/types\/page"}],"author":[{"embeddable":true,"href":"https:\/\/www.feldmann-physio.de\/index.php?rest_route=\/wp\/v2\/users\/1"}],"replies":[{"embeddable":true,"href":"https:\/\/www.feldmann-physio.de\/index.php?rest_route=%2Fwp%2Fv2%2Fcomments&post=2"}],"version-history":[{"count":11,"href":"https:\/\/www.feldmann-physio.de\/index.php?rest_route=\/wp\/v2\/pages\/2\/revisions"}],"predecessor-version":[{"id":210,"href":"https:\/\/www.feldmann-physio.de\/index.php?rest_route=\/wp\/v2\/pages\/2\/revisions\/210"}],"wp:attachment":[{"href":"https:\/\/www.feldmann-physio.de\/index.php?rest_route=%2Fwp%2Fv2%2Fmedia&parent=2"}],"curies":[{"name":"wp","href":"https:\/\/api.w.org\/{rel}","templated":true}]}}