{"id":129,"date":"2016-06-16T15:46:00","date_gmt":"2016-06-16T13:46:00","guid":{"rendered":"http:\/\/wp.feldmann-physio.de\/?page_id=129"},"modified":"2019-02-16T10:24:44","modified_gmt":"2019-02-16T09:24:44","slug":"unsere-leistungen","status":"publish","type":"page","link":"https:\/\/www.feldmann-physio.de\/?page_id=129","title":{"rendered":"Unsere Leistungen"},"content":{"rendered":"<p><img loading=\"lazy\" class=\"alignright wp-image-176\" src=\"http:\/\/wp.feldmann-physio.de\/wp-content\/uploads\/2016\/06\/Leistungen_01_1.jpg\" alt=\"Leistungen_01_1\" width=\"400\" height=\"267\" srcset=\"https:\/\/www.feldmann-physio.de\/wp\/..\/wp-content\/uploads\/2016\/06\/Leistungen_01_1.jpg 1920w, https:\/\/www.feldmann-physio.de\/wp\/..\/wp-content\/uploads\/2016\/06\/Leistungen_01_1-300x200.jpg 300w, https:\/\/www.feldmann-physio.de\/wp\/..\/wp-content\/uploads\/2016\/06\/Leistungen_01_1-768x512.jpg 768w, https:\/\/www.feldmann-physio.de\/wp\/..\/wp-content\/uploads\/2016\/06\/Leistungen_01_1-1024x683.jpg 1024w\" sizes=\"(max-width: 400px) 100vw, 400px\" \/>(HMK) = Kassenleistungen aus dem Heilmittelkatalog<\/p>\n<p><strong><a href=\"http:\/\/www.feldmann-physio.de\/?page_id=47\">Physiotherapie<\/a><\/strong><\/p>\n<p>Krankengmnastik (HMK)<br \/>\nManuelle Therapie (HMK)<br \/>\nManuelle Lymphdrainage (HMK)<br \/>\nBobath Therapie (HMK)<br \/>\nMassage (HMK)<br \/>\nPNF (HMK)<br \/>\nCMD (HMK)<br \/>\nSchlingentisch (HMK)<br \/>\nTraktion (HMK)<br \/>\n<img loading=\"lazy\" class=\"alignright wp-image-177\" src=\"http:\/\/wp.feldmann-physio.de\/wp-content\/uploads\/2016\/06\/Leistungen_03_1.jpg\" alt=\"Leistungen_03_1\" width=\"400\" height=\"267\" srcset=\"https:\/\/www.feldmann-physio.de\/wp\/..\/wp-content\/uploads\/2016\/06\/Leistungen_03_1.jpg 1920w, https:\/\/www.feldmann-physio.de\/wp\/..\/wp-content\/uploads\/2016\/06\/Leistungen_03_1-300x200.jpg 300w, https:\/\/www.feldmann-physio.de\/wp\/..\/wp-content\/uploads\/2016\/06\/Leistungen_03_1-768x512.jpg 768w, https:\/\/www.feldmann-physio.de\/wp\/..\/wp-content\/uploads\/2016\/06\/Leistungen_03_1-1024x683.jpg 1024w\" sizes=\"(max-width: 400px) 100vw, 400px\" \/>Elektrotherapie (HMK)<br \/>\nUlltraschall (HMK)<br \/>\nK\u00e4lteanwendung (HMK)<br \/>\nW\u00e4rmeanwendungen (HMK)<\/p>\n<p><strong><a href=\"http:\/\/www.feldmann-physio.de\/?page_id=49\">Osteopathie \/ Heilkunde<\/a><br \/>\n<\/strong><\/p>\n<p>Osteopathie &#8211; wird z.T. von den Kassen \u00fcbernommen<br \/>\nDorn-Breu\u00df-Behandlung<br \/>\nSchr\u00f6pfen<br \/>\nAtlastherapie<br \/>\nTaping<br \/>\nFussreflexzonentherapie<br \/>\nMassage<br \/>\nDarmsanierung<\/p>\n<p>&nbsp;<\/p>\n<p><strong>Definitionen<\/strong><\/p>\n<p><strong>Physiotherapie<\/strong> ist die gezielte Behandlung physiologischer Funktions- und Bewegungsst\u00f6rungen. Der Begriff Physiotherapie ersetzt seit einigen Jahren die Bezeichnung <strong>Krankengymnastik<\/strong>. Ziel der Behandlung ist es, durch entsprechende Techniken und \u00dcbungen Einschr\u00e4nkungen\u00a0 der K\u00f6rperfunktionen zu vermeiden, zu verbessern oder zu beseitigen.<\/p>\n<p><strong>Manuelle Therapie<\/strong> dient zur Behandlung des Bewegungsapparats, haupts\u00e4chlich der Gelenke, Muskeln und Nerven und beinhaltet Untersuchung, spezielle Techniken und Griffe.<\/p>\n<p><strong>Manuelle Lymphdrainage<\/strong>\u00a0 ist eine Anwendung \u00a0der physikalischen Therapien. Sie dient vor allem als \u00d6dem- und Entstauungstherapie \u00f6demat\u00f6ser K\u00f6rperregionen, wie K\u00f6rperstamm, Armen und Beinen, die beispielsweise nach Verletzungen oder Operationen entstehen k\u00f6nnen.<\/p>\n<p><strong>Bobath-Therapie<\/strong> \u00a0zeigt eine sehr gute Anwendbarkeit in der Behandlung neurologischen Erkrankungen wie z.B. Halbseitenl\u00e4hmungen. Die Grundannahme der Methode ist, dass unser Gehirn lebenslang lernf\u00e4hig ist und Hirnareale, die durch eine Verletzung ausgefallen sind, durch andere unterst\u00fctzt werden. Ziel ist es, Alltagsbewegungen, die f\u00fcr ein selbst bestimmtes Leben unerl\u00e4sslich sind,\u00a0 wiederzuerlernen.<\/p>\n<p>Die <strong>Propriozeptive Neuromuskul\u00e4re Fazilitation<\/strong> (<strong>PNF<\/strong>) ist eine dreidimensionale Behandlungsmethode, die bei Patienten aller medizinischen Fachbereiche Anwendung findet, bei denen das Bewegungsverhalten gest\u00f6rt ist. Es wird mit Muskelketten und bestimmten Bewegungsmustern- und abl\u00e4ufen gearbeitet.<\/p>\n<p><strong>CMD (=Craniomandibul\u00e4re Dysfunktion) <\/strong>bedeutet vereinfacht, dass zwischen Sch\u00e4del (Cranium) und Unterkiefer (Mandibula) etwas nicht optimal funktioniert. Gemeint ist eine Kiefergelenk- und Kaumuskelfehlfunktion, eine Fehlbisslage, bei der Ober- und Unterkiefer nicht richtig aufeinanderpassen. Allerdings ist dies nach heutigem Wissensstand bei Weitem nicht die einzige m\u00f6gliche Ursache. Ebenso k\u00f6nnen auch andere Bereiche des K\u00f6rpers f\u00fcr die entsprechenden Symptome verantwortlich sein. Eine sinnvolle Therapie kann oft nur im fach\u00fcbergreifenden gut organisierten Therapeutenverbund geschehen.<\/p>\n<p><strong>Traktion <\/strong>ist in der physikalisches das gezielte Ziehen an einem K\u00f6rperteil zur Entlastung der Strukturen. Sie kann \u00fcber den <strong>Schlingentisch<\/strong> erfolgen oder \u00fcber kopfw\u00e4rts absenkbare Liegeb\u00e4nke.<\/p>\n<p>&nbsp;<\/p>\n<p><strong>Osteopathie<\/strong> ist eine alternative medizinische Fachrichtung, die sich mit der Wechselwirkung von Struktur und Funktion des K\u00f6rpers auseinandersetzt.\u00a0 Ziel ist es, mittels manueller Techniken, \u201esanften H\u00e4nden\u201c, die angeborene F\u00e4higkeit des K\u00f6rpers zur Selbstheilung zu f\u00f6rdern und eine Ann\u00e4herung zur Wiederherstellung und Erhaltung von Gesundheit in all ihren Facetten zu erwirken.<\/p>\n<p><strong>Dornmethode und die Breuss-Massage<\/strong> sind zwei manuelle sanfte, aber auch kr\u00e4ftige Behandlungsformen bei sehr vielen Problemen und Erkrankungen des R\u00fcckens, der Wirbels\u00e4ule, der Gelenke. Die Behandlungsidee ist es in nur sehr wenigen Behandlungen, \u00a0verschobenen Wirbel und Gelenke wieder an ihren idealen Platz zur\u00fcckzuschieben.<\/p>\n<p><strong>\u00a0Schr\u00f6pfkopfmassage<\/strong> ist eine Behandlung, die mittels eines oder mehrerer Schr\u00f6pfk\u00f6pfe auf der Haut ausgef\u00fchrt wird.<\/p>\n<p><strong>Fu\u00dfreflexzonentherapie<\/strong> ist eine alternativmedizinische Behandlung, bei der durch Stimulation der Fu\u00dfsohle verschiedene Wirkungen im K\u00f6rper erzielt werden sollen. Sie basiert auf der Annahme dass sich am Fu\u00df entsprechende Organzonen befinden, die sich dort gezielt beeinflussen lassen.<\/p>\n<p><strong>T\u00fcbinger Konzept nach McKenzie <\/strong>vermittelt Verhaltensregeln, \u00dcbungen und sportliche Aktivit\u00e4ten bei R\u00fcckenschmerzen und Bandscheibenleiden.<\/p>\n<p>&nbsp;<\/p>\n","protected":false},"excerpt":{"rendered":"<p>(HMK) = Kassenleistungen aus dem Heilmittelkatalog Physiotherapie Krankengmnastik (HMK) Manuelle Therapie (HMK) Manuelle Lymphdrainage (HMK) Bobath Therapie (HMK) Massage (HMK)<\/p>\n","protected":false},"author":1,"featured_media":0,"parent":0,"menu_order":0,"comment_status":"closed","ping_status":"closed","template":"","meta":{"colormag_page_container_layout":"default_layout","colormag_page_sidebar_layout":"default_layout"},"_links":{"self":[{"href":"https:\/\/www.feldmann-physio.de\/index.php?rest_route=\/wp\/v2\/pages\/129"}],"collection":[{"href":"https:\/\/www.feldmann-physio.de\/index.php?rest_route=\/wp\/v2\/pages"}],"about":[{"href":"https:\/\/www.feldmann-physio.de\/index.php?rest_route=\/wp\/v2\/types\/page"}],"author":[{"embeddable":true,"href":"https:\/\/www.feldmann-physio.de\/index.php?rest_route=\/wp\/v2\/users\/1"}],"replies":[{"embeddable":true,"href":"https:\/\/www.feldmann-physio.de\/index.php?rest_route=%2Fwp%2Fv2%2Fcomments&post=129"}],"version-history":[{"count":8,"href":"https:\/\/www.feldmann-physio.de\/index.php?rest_route=\/wp\/v2\/pages\/129\/revisions"}],"predecessor-version":[{"id":324,"href":"https:\/\/www.feldmann-physio.de\/index.php?rest_route=\/wp\/v2\/pages\/129\/revisions\/324"}],"wp:attachment":[{"href":"https:\/\/www.feldmann-physio.de\/index.php?rest_route=%2Fwp%2Fv2%2Fmedia&parent=129"}],"curies":[{"name":"wp","href":"https:\/\/api.w.org\/{rel}","templated":true}]}}